{"id":6412,"date":"2020-05-14T18:24:28","date_gmt":"2020-05-14T18:24:28","guid":{"rendered":"https:\/\/stanley.hu\/fooldal\/?page_id=6412"},"modified":"2021-01-09T08:32:00","modified_gmt":"2021-01-09T08:32:00","slug":"arajanlat-keres","status":"publish","type":"page","link":"https:\/\/stanley.hu\/fooldal\/arajanlat-keres\/","title":{"rendered":"\u00c1raj\u00e1nlat k\u00e9r\u00e9s"},"content":{"rendered":"<div data-colibri-id=\"6412-c1\" class=\"style-2604 style-local-6412-c1 position-relative\">\n  <!---->\n  <div data-colibri-component=\"section\" data-colibri-id=\"6412-c2\" id=\"contact\" class=\"h-section h-section-global-spacing d-flex align-items-lg-center align-items-md-center align-items-center style-2605 style-local-6412-c2 position-relative\">\n    <div class=\"background-wrapper\">\n      <div class=\"background-layer background-layer-media-container-lg\">\n        <!---->\n        <div class=\"overlay-layer\">\n          <div class=\"overlay-image-layer\" style=\"background-color: rgb(255, 255, 255); opacity: 0.85;\"><\/div>\n        <\/div>\n      <\/div>\n      <div class=\"background-layer background-layer-media-container-md\">\n        <!---->\n        <div class=\"overlay-layer\">\n          <div class=\"overlay-image-layer\" style=\"background-color: rgb(255, 255, 255); opacity: 0.85;\"><\/div>\n        <\/div>\n      <\/div>\n      <div class=\"background-layer background-layer-media-container\">\n        <!---->\n        <div class=\"overlay-layer\">\n          <div class=\"overlay-image-layer\" style=\"background-color: rgb(255, 255, 255); opacity: 0.85;\"><\/div>\n        <\/div>\n      <\/div>\n    <\/div>\n    <!---->\n    <div class=\"h-section-grid-container h-section-boxed-container\">\n      <!---->\n      <div data-colibri-id=\"6412-c3\" class=\"h-row-container gutters-row-lg-2 gutters-row-md-2 gutters-row-0 gutters-row-v-lg-2 gutters-row-v-md-2 gutters-row-v-2 style-2684 style-local-6412-c3 position-relative\">\n        <!---->\n        <div class=\"h-row justify-content-lg-center justify-content-md-center justify-content-center align-items-lg-stretch align-items-md-stretch align-items-stretch gutters-col-lg-2 gutters-col-md-2 gutters-col-0 gutters-col-v-lg-2 gutters-col-v-md-2 gutters-col-v-2\">\n          <!---->\n          <div class=\"h-column h-column-container d-flex h-col-lg-auto h-col-md-auto h-col-auto style-2685-outer style-local-6412-c4-outer\">\n            <div data-colibri-id=\"6412-c4\" class=\"d-flex h-flex-basis h-column__inner h-px-lg-2 h-px-md-2 h-px-2 v-inner-lg-2 v-inner-md-2 v-inner-2 style-2685 style-local-6412-c4 position-relative\">\n              <!---->\n              <!---->\n              <div class=\"w-100 h-y-container h-column__content h-column__v-align flex-basis-100 align-self-lg-start align-self-md-start align-self-start\">\n                <!---->\n                <div data-colibri-id=\"6412-c5\" class=\"h-global-transition-all h-heading style-2686 style-local-6412-c5 position-relative h-element\">\n                  <!---->\n                  <div class=\"h-heading__outer style-2686 style-local-6412-c5\">\n                    <!---->\n                    <!---->\n                    <h2 class=\"\">\u00c1raj\u00e1nlat k\u00e9r\u00e9s<\/h2>\n                  <\/div>\n                <\/div>\n                <div data-colibri-id=\"6412-c6\" class=\"h-text h-text-component style-2687 style-local-6412-c6 position-relative h-element\">\n                  <!---->\n                  <!---->\n                  <div class=\"\">\n                    <p>K\u00e9rjen el\u0151zetes egyedi \u00e1raj\u00e1nlatot \u00e9s koll\u00e9g\u00e1ink hamarosan elk\u00e9sz\u00edtik \u00d6nnek.<\/p>\n                    <p>Amennyiben m\u00e1r tudja, k\u00e9rj\u00fck \u00edrja meg a v\u00e1lasztott sz\u00ednt, tol\u00f3ajt\u00f3 t\u00edpus\u00e1t \u00e9s a szekr\u00e9ny elrendez\u00e9s\u00e9t.<\/p>\n                  <\/div>\n                <\/div>\n              <\/div>\n            <\/div>\n          <\/div>\n        <\/div>\n      <\/div>\n      <div data-colibri-id=\"6412-c7\" class=\"h-row-container gutters-row-lg-2 gutters-row-md-2 gutters-row-0 gutters-row-v-lg-2 gutters-row-v-md-2 gutters-row-v-2 style-2606 style-local-6412-c7 position-relative\">\n        <!---->\n        <div class=\"h-row justify-content-lg-center justify-content-md-center justify-content-center align-items-lg-stretch align-items-md-stretch align-items-stretch gutters-col-lg-2 gutters-col-md-2 gutters-col-0 gutters-col-v-lg-2 gutters-col-v-md-2 gutters-col-v-2\">\n          <!---->\n          <div class=\"h-column h-column-container d-flex h-col-lg-auto h-col-md-auto h-col-auto style-2607-outer style-local-6412-c8-outer\">\n            <div data-colibri-id=\"6412-c8\" class=\"d-flex h-flex-basis h-column__inner h-px-lg-0 h-px-md-0 h-px-0 v-inner-lg-0 v-inner-md-0 v-inner-0 style-2607 style-local-6412-c8 position-relative\">\n              <!---->\n              <!---->\n              <div class=\"w-100 h-y-container h-column__content h-column__v-align flex-basis-100 align-self-lg-start align-self-md-start align-self-start\">\n                <!---->\n                <div data-colibri-id=\"6412-c9\" class=\"h-row-container gutters-row-lg-0 gutters-row-md-0 gutters-row-0 gutters-row-v-lg-0 gutters-row-v-md-0 gutters-row-v-0 style-2608 style-local-6412-c9 position-relative\">\n                  <!---->\n                  <div class=\"h-row justify-content-lg-center justify-content-md-center justify-content-center align-items-lg-stretch align-items-md-stretch align-items-stretch gutters-col-lg-0 gutters-col-md-0 gutters-col-0 gutters-col-v-lg-0 gutters-col-v-md-0 gutters-col-v-0\">\n                    <!---->\n                    <div class=\"h-column h-column-container d-flex h-col-lg-auto h-col-md-auto h-col-auto style-2609-outer style-local-6412-c10-outer\">\n                      <div data-colibri-id=\"6412-c10\" class=\"d-flex h-flex-basis h-column__inner h-ui-empty-state-container h-px-lg-0 h-px-md-0 h-px-0 v-inner-lg-0 v-inner-md-0 v-inner-0 style-2609 style-local-6412-c10 position-relative\">\n                        <!---->\n                        <!---->\n                        <div class=\"w-100 h-y-container h-column__content h-column__v-align flex-basis-100\">\n                          <!---->\n                        <\/div>\n                      <\/div>\n                    <\/div>\n                    <div class=\"h-column h-column-container d-flex h-col-lg-auto h-col-md-auto h-col-auto style-2610-outer style-local-6412-c11-outer\">\n                      <div data-colibri-id=\"6412-c11\" class=\"d-flex h-flex-basis h-column__inner h-px-lg-0 h-px-md-0 h-px-0 v-inner-lg-0 v-inner-md-0 v-inner-0 style-2610 style-local-6412-c11 position-relative\">\n                        <!---->\n                        <!---->\n                        <div class=\"w-100 h-y-container h-column__content h-column__v-align flex-basis-100 align-self-lg-center align-self-md-center align-self-center\">\n                          <!---->\n                          <div data-colibri-id=\"6412-c12\" class=\"style-2611 style-local-6412-c12 position-relative h-element\">\n                            <!---->\n                            <div class=\"h-global-transition-all h-global-transition h-global-transition-all h-contact-form-shortcode\">\n<div class=\"wpcf7 no-js\" id=\"wpcf7-f6690-o1\" lang=\"en-US\" dir=\"ltr\" data-wpcf7-id=\"6690\">\n<div class=\"screen-reader-response\"><p role=\"status\" aria-live=\"polite\" aria-atomic=\"true\"><\/p> <ul><\/ul><\/div>\n<form action=\"\/fooldal\/wp-json\/wp\/v2\/pages\/6412#wpcf7-f6690-o1\" method=\"post\" class=\"wpcf7-form init\" aria-label=\"Contact form\" enctype=\"multipart\/form-data\" novalidate=\"novalidate\" data-status=\"init\">\n<fieldset class=\"hidden-fields-container\"><input type=\"hidden\" name=\"_wpcf7\" value=\"6690\" \/><input type=\"hidden\" name=\"_wpcf7_version\" value=\"6.1.4\" \/><input type=\"hidden\" name=\"_wpcf7_locale\" value=\"en_US\" \/><input type=\"hidden\" name=\"_wpcf7_unit_tag\" value=\"wpcf7-f6690-o1\" \/><input type=\"hidden\" name=\"_wpcf7_container_post\" value=\"0\" \/><input type=\"hidden\" name=\"_wpcf7_posted_data_hash\" value=\"\" \/>\n<\/fieldset>\n<p><label> N\u00e9v*:<br \/>\n<span class=\"wpcf7-form-control-wrap\" data-name=\"your-name\"><input size=\"40\" maxlength=\"400\" class=\"wpcf7-form-control wpcf7-text wpcf7-validates-as-required\" aria-required=\"true\" aria-invalid=\"false\" value=\"\" type=\"text\" name=\"your-name\" \/><\/span> <\/label>\n<\/p>\n<p><label> E-mail c\u00edm*:<br \/>\n<span class=\"wpcf7-form-control-wrap\" data-name=\"your-email\"><input size=\"40\" maxlength=\"400\" class=\"wpcf7-form-control wpcf7-email wpcf7-validates-as-required wpcf7-text wpcf7-validates-as-email\" aria-required=\"true\" aria-invalid=\"false\" value=\"\" type=\"email\" name=\"your-email\" \/><\/span> <\/label>\n<\/p>\n<p><label> Telefonsz\u00e1m*:<br \/>\n<span class=\"wpcf7-form-control-wrap\" data-name=\"your-tel\"><input size=\"40\" maxlength=\"400\" class=\"wpcf7-form-control wpcf7-tel wpcf7-validates-as-required wpcf7-text wpcf7-validates-as-tel\" aria-required=\"true\" aria-invalid=\"false\" value=\"\" type=\"tel\" name=\"your-tel\" \/><\/span> <\/label>\n<\/p>\n<p><label> C\u00edm*:<br \/>\n<span class=\"wpcf7-form-control-wrap\" data-name=\"your-address\"><input size=\"40\" maxlength=\"400\" class=\"wpcf7-form-control wpcf7-text wpcf7-validates-as-required\" aria-required=\"true\" aria-invalid=\"false\" value=\"\" type=\"text\" name=\"your-address\" \/><\/span> <\/label>\n<\/p>\n<p><label> Ny\u00edl\u00e1s sz\u00e9less\u00e9g (cm):<br \/>\n<span class=\"wpcf7-form-control-wrap\" data-name=\"szelesseg\"><input class=\"wpcf7-form-control wpcf7-number wpcf7-validates-as-number\" min=\"0\" max=\"999\" aria-invalid=\"false\" value=\"\" type=\"number\" name=\"szelesseg\" \/><\/span> <\/label>\n<\/p>\n<p><label> Ny\u00edl\u00e1s magass\u00e1g (cm):<br \/>\n<span class=\"wpcf7-form-control-wrap\" data-name=\"magassag\"><input class=\"wpcf7-form-control wpcf7-number wpcf7-validates-as-number\" min=\"0\" max=\"999\" aria-invalid=\"false\" value=\"\" type=\"number\" name=\"magassag\" \/><\/span><\/label>\n<\/p>\n<p><label> Ny\u00edl\u00e1s m\u00e9lys\u00e9g (cm):<br \/>\n<span class=\"wpcf7-form-control-wrap\" data-name=\"melyseg\"><input class=\"wpcf7-form-control wpcf7-number wpcf7-validates-as-number\" min=\"0\" max=\"999\" aria-invalid=\"false\" value=\"\" type=\"number\" name=\"melyseg\" \/><\/span><\/label>\n<\/p>\n<p><label> Megjegyz\u00e9s, tervezend\u0151 szekr\u00e9ny le\u00edr\u00e1sa:<br \/>\n<span class=\"wpcf7-form-control-wrap\" data-name=\"your-message\"><textarea cols=\"40\" rows=\"10\" maxlength=\"2000\" class=\"wpcf7-form-control wpcf7-textarea\" aria-invalid=\"false\" name=\"your-message\"><\/textarea><\/span> <\/label>\n<\/p>\n<p><label> Rajz csatol\u00e1sa (max. 1mb):<br \/>\n<span class=\"wpcf7-form-control-wrap\" data-name=\"your-file\"><input size=\"40\" class=\"wpcf7-form-control wpcf7-file\" accept=\".png,.jpg,.jpeg,.pdf,.txt,.doc,.docx,.xls,.xlsx,.gif,.odt\" aria-invalid=\"false\" type=\"file\" name=\"your-file\" \/><\/span> <\/label>\n<\/p>\n<p><input class=\"wpcf7-form-control wpcf7-submit has-spinner\" type=\"submit\" value=\"K\u00fcld\u00e9s\" \/>\n<\/p><p style=\"display: none !important;\" class=\"akismet-fields-container\" data-prefix=\"_wpcf7_ak_\"><label>&#916;<textarea name=\"_wpcf7_ak_hp_textarea\" cols=\"45\" rows=\"8\" maxlength=\"100\"><\/textarea><\/label><input type=\"hidden\" id=\"ak_js_1\" name=\"_wpcf7_ak_js\" value=\"89\"\/><script>document.getElementById( \"ak_js_1\" ).setAttribute( \"value\", ( new Date() ).getTime() );<\/script><\/p><div class=\"wpcf7-response-output\" aria-hidden=\"true\"><\/div>\n<\/form>\n<\/div>\n<\/div>\n                          <\/div>\n                        <\/div>\n                      <\/div>\n                    <\/div>\n                    <div class=\"h-column h-column-container d-flex h-col-lg-auto h-col-md-auto h-col-auto style-2612-outer style-local-6412-c13-outer\">\n                      <div data-colibri-id=\"6412-c13\" class=\"d-flex h-flex-basis h-column__inner h-px-lg-0 h-px-md-0 h-px-0 v-inner-lg-0 v-inner-md-0 v-inner-0 style-2612 style-local-6412-c13 position-relative\">\n                        <!---->\n                        <!---->\n                        <div class=\"w-100 h-y-container h-column__content h-column__v-align flex-basis-100 align-self-lg-center align-self-md-center align-self-center\">\n                          <!---->\n                          <div data-colibri-id=\"6412-c14\" class=\"h-global-transition-all h-heading style-2613 style-local-6412-c14 position-relative h-element\">\n                            <!---->\n                            <div class=\"h-heading__outer style-2613 style-local-6412-c14\">\n                              <!---->\n                              <!---->\n                              <h4 class=\"\">EL\u00c9RHET\u0150S\u00c9GEINK<\/h4>\n                            <\/div>\n                          <\/div>\n                          <div data-colibri-id=\"6412-c15\" class=\"style-2614 style-local-6412-c15 position-relative h-element\">\n                            <!---->\n                            <div class=\"d-flex flex-wrap h-social-icons justify-content-lg-center justify-content-md-center justify-content-center\">\n                              <div class=\"social-icon-container d-inline-flex\">\n                                <a href=\"https:\/\/www.facebook.com\/stanley.toloajto\" target=\"_blank\" h-use-smooth-scroll=\"true\" rel=\"noopener\">\n                                  <div class=\"icon-container h-social-icon h-global-transition\">\n                                    <div class=\"h-icon-svg\" style=\"width: 100%; height: 100%;\">\n                                      <!--Icon by Font Awesome (https:\/\/fontawesome.com)-->\n                                      <svg version=\"1.1\" xmlns=\"http:\/\/www.w3.org\/2000\/svg\" xmlns:xlink=\"http:\/\/www.w3.org\/1999\/xlink\" id=\"facebook-square\" viewBox=\"0 0 1536 1896.0833\">\n                                        <path d=\"M1248 128q119 0 203.5 84.5T1536 416v960q0 119-84.5 203.5T1248 1664h-188v-595h199l30-232h-229V689q0-56 23.5-84t91.5-28l122-1V369q-63-9-178-9-136 0-217.5 80T820 666v171H620v232h200v595H288q-119 0-203.5-84.5T0 1376V416q0-119 84.5-203.5T288 128h960z\"><\/path>\n                                      <\/svg>\n                                    <\/div>\n                                  <\/div>\n                                <\/a>\n                              <\/div>\n                              <div class=\"social-icon-container d-inline-flex\">\n                                <a href=\"mailto:stanley@stanley.hu\" h-use-smooth-scroll=\"true\">\n                                  <div class=\"icon-container h-social-icon h-global-transition\">\n                                    <div class=\"h-icon-svg\" style=\"width: 100%; height: 100%;\">\n                                      <!--Icon by Socicon (http:\/\/www.socicon.com)-->\n                                      <svg version=\"1.1\" xmlns=\"http:\/\/www.w3.org\/2000\/svg\" viewBox=\"0 0 1500 1500\">\n\n                                        <path d=\"M799.805 922.852c-14.648 11.719-32.227 20.508-49.805 20.508s-35.156-8.789-49.805-20.508l-700.195-571.289v899.414h1500v-899.414zM750 750c14.648 0 29.297-5.859 41.016-14.648l594.727-486.328h-1271.484l594.727 486.328c11.719 8.789 26.367 14.648 41.016 14.648z\"><\/path>\n                                      <\/svg>\n                                    <\/div>\n                                  <\/div>\n                                <\/a>\n                              <\/div>\n                              <div class=\"social-icon-container d-inline-flex\">\n                                <a href=\"https:\/\/www.google.com\/maps\/d\/drive?state=%7B%22ids%22%3A%5B%221dciED5CX5bHekEcxLo7eY8_cklbbNi5e%22%5D%2C%22action%22%3A%22open%22%2C%22userId%22%3A%22117912716951101070976%22%7D&amp;usp=sharing\" target=\"_blank\" h-use-smooth-scroll=\"true\" rel=\"noopener\">\n                                  <div class=\"icon-container h-social-icon h-global-transition\">\n                                    <div class=\"h-icon-svg\" style=\"width: 100%; height: 100%;\">\n                                      <!--Icon by Socicon (http:\/\/www.socicon.com)-->\n                                      <svg version=\"1.1\" xmlns=\"http:\/\/www.w3.org\/2000\/svg\" viewBox=\"0 0 1500 1500\">\n\n                                        <path d=\"M1110 1071l-97.5-97.5c-84-84-358.5-378-358.5-654 0-43.5 6-85.5 18-126h-441c-88.5 0-159 70.5-159 159v990c0 88.5 70.5 159 159 159h990c88.5 0 159-70.5 159-159v-568.5c-48 63-105 129-172.5 198l-97.5 99zM492 1362c-156 0-282-124.5-282-280.5s126-282 282-282c73.5 0 138 28.5 187.5 73.5l-79.5 79.5c-30-25.5-67.5-40.5-109.5-40.5-93 0-169.5 76.5-169.5 169.5s76.5 169.5 169.5 169.5c78 0 132-46.5 151.5-112.5h-150v-108h264c22.5 111-18 331.5-264 331.5zM1428 318c0-175.5-142.5-318-319.5-318s-318 142.5-318 318 166.5 406.5 318 556.5c181.5-183 319.5-379.5 319.5-556.5zM975 303c0-73.5 60-133.5 133.5-133.5s133.5 60 133.5 133.5c0 73.5-60 133.5-133.5 133.5s-133.5-60-133.5-133.5z\"><\/path>\n                                      <\/svg>\n                                    <\/div>\n                                  <\/div>\n                                <\/a>\n                              <\/div>\n                            <\/div>\n                          <\/div>\n                        <\/div>\n                      <\/div>\n                    <\/div>\n                  <\/div>\n                <\/div>\n              <\/div>\n            <\/div>\n          <\/div>\n        <\/div>\n      <\/div>\n    <\/div>\n  <\/div>\n<\/div>","protected":false},"excerpt":{"rendered":"<p>\u00c1raj\u00e1nlat k\u00e9r\u00e9s K\u00e9rjen el\u0151zetes egyedi \u00e1raj\u00e1nlatot \u00e9s koll\u00e9g\u00e1ink hamarosan elk\u00e9sz\u00edtik \u00d6nnek. Amennyiben m\u00e1r tudja, k\u00e9rj\u00fck \u00edrja meg a v\u00e1lasztott sz\u00ednt, tol\u00f3ajt\u00f3 t\u00edpus\u00e1t \u00e9s a szekr\u00e9ny elrendez\u00e9s\u00e9t. EL\u00c9RHET\u0150S\u00c9GEINK<\/p>\n","protected":false},"author":1,"featured_media":7609,"parent":0,"menu_order":0,"comment_status":"closed","ping_status":"closed","template":"page-templates\/full-width-page.php","meta":{"footnotes":""},"class_list":["post-6412","page","type-page","status-publish","has-post-thumbnail","hentry"],"_links":{"self":[{"href":"https:\/\/stanley.hu\/fooldal\/wp-json\/wp\/v2\/pages\/6412","targetHints":{"allow":["GET"]}}],"collection":[{"href":"https:\/\/stanley.hu\/fooldal\/wp-json\/wp\/v2\/pages"}],"about":[{"href":"https:\/\/stanley.hu\/fooldal\/wp-json\/wp\/v2\/types\/page"}],"author":[{"embeddable":true,"href":"https:\/\/stanley.hu\/fooldal\/wp-json\/wp\/v2\/users\/1"}],"replies":[{"embeddable":true,"href":"https:\/\/stanley.hu\/fooldal\/wp-json\/wp\/v2\/comments?post=6412"}],"version-history":[{"count":19,"href":"https:\/\/stanley.hu\/fooldal\/wp-json\/wp\/v2\/pages\/6412\/revisions"}],"predecessor-version":[{"id":8914,"href":"https:\/\/stanley.hu\/fooldal\/wp-json\/wp\/v2\/pages\/6412\/revisions\/8914"}],"wp:featuredmedia":[{"embeddable":true,"href":"https:\/\/stanley.hu\/fooldal\/wp-json\/wp\/v2\/media\/7609"}],"wp:attachment":[{"href":"https:\/\/stanley.hu\/fooldal\/wp-json\/wp\/v2\/media?parent=6412"}],"curies":[{"name":"wp","href":"https:\/\/api.w.org\/{rel}","templated":true}]}}